{"id":1215,"date":"2024-04-26T07:32:12","date_gmt":"2024-04-26T05:32:12","guid":{"rendered":"https:\/\/kolma.style\/faq-ruecksendung-und-reklamation\/"},"modified":"2024-05-16T16:48:43","modified_gmt":"2024-05-16T14:48:43","slug":"faq-retours-et-reclamations","status":"publish","type":"page","link":"https:\/\/update.kolma.style\/fr\/faq-retours-et-reclamations\/","title":{"rendered":"Foire aux questions &#8211; Retours et r\u00e9clamations"},"content":{"rendered":"<section class=\"l-section wpb_row height_medium\"><div class=\"l-section-h i-cf\"><div class=\"g-cols vc_row via_grid cols_1 laptops-cols_inherit tablets-cols_inherit mobiles-cols_1 valign_top type_default stacking_default\"><div class=\"wpb_column vc_column_container\"><div class=\"vc_column-inner\"><div class=\"wpb_text_column\"><div class=\"wpb_wrapper\"><h1><span style=\"color: #85957b;\">Foire aux questions<\/span><\/h1>\n<h4 class=\"P68B1DB1-Standard6\"><span lang=\"FR\">Retours et r\u00e9clamations<\/span><\/h4>\n<\/div><\/div><div class=\"w-separator size_custom\" style=\"height:15px\"><\/div><div class=\"w-tabs faqakkordion style_default switch_click accordion has_scrolling\" style=\"--sections-title-size:inherit\"><div class=\"w-tabs-sections titles-align_none icon_plus cpos_left\"><div class=\"w-tabs-section\" id=\"xd4b\"><button class=\"w-tabs-section-header\" aria-controls=\"content-xd4b\" aria-expanded=\"false\"><div class=\"w-tabs-section-title\">Que dois-je faire si je veux retourner des marchandises?<\/div><div class=\"w-tabs-section-control\"><\/div><\/button><div  class=\"w-tabs-section-content\" id=\"content-xd4b\"><div class=\"w-tabs-section-content-h i-cf\"><div class=\"wpb_text_column\"><div class=\"wpb_wrapper\"><p>Contacte-nous via <a href=\"mailto:info@kolma.style\">info@kolma.style<\/a>.<\/p>\n<\/div><\/div><\/div><\/div><\/div><div class=\"w-tabs-section\" id=\"ree2\"><button class=\"w-tabs-section-header\" aria-controls=\"content-ree2\" aria-expanded=\"false\"><div class=\"w-tabs-section-title\">Les marchandises sont endommag\u00e9es.<\/div><div class=\"w-tabs-section-control\"><\/div><\/button><div  class=\"w-tabs-section-content\" id=\"content-ree2\"><div class=\"w-tabs-section-content-h i-cf\"><div class=\"wpb_text_column\"><div class=\"wpb_wrapper\"><p>Nous regrettons que tu aies re\u00e7u un colis endommag\u00e9. Nous te prions de nous contacter via <a href=\"mailto:info@kolma.style\">info@kolma.style<\/a> et de renvoyer ensuite la marchandise non utilis\u00e9e dans les sept jours.<\/p>\n<p>Il est \u00e0 noter que nous n&rsquo;acceptons les retours qu&rsquo;apr\u00e8s accord pr\u00e9alable.<\/p>\n<\/div><\/div><\/div><\/div><\/div><div class=\"w-tabs-section\" id=\"v051\"><button class=\"w-tabs-section-header\" aria-controls=\"content-v051\" aria-expanded=\"false\"><div class=\"w-tabs-section-title\">J&rsquo;ai re\u00e7u un article que je n&rsquo;avais pas command\u00e9.<\/div><div class=\"w-tabs-section-control\"><\/div><\/button><div  class=\"w-tabs-section-content\" id=\"content-v051\"><div class=\"w-tabs-section-content-h i-cf\"><div class=\"wpb_text_column\"><div class=\"wpb_wrapper\"><p>Contacte-nous via <a href=\"mailto:info@kolma.style\">info@kolma.style<\/a>.<\/p>\n<\/div><\/div><\/div><\/div><\/div><\/div><\/div><\/div><\/div><\/div><\/div><\/section>\n","protected":false},"excerpt":{"rendered":"Foire aux questions Retours et r\u00e9clamations Que dois-je faire si je veux retourner des marchandises?Contacte-nous via info@kolma.style. Les marchandises sont endommag\u00e9es.Nous regrettons que tu aies re\u00e7u un colis endommag\u00e9. Nous te prions de nous contacter via info@kolma.style et de renvoyer ensuite la marchandise non utilis\u00e9e dans les sept jours. Il est \u00e0 noter que nous...","protected":false},"author":5,"featured_media":0,"parent":0,"menu_order":0,"comment_status":"closed","ping_status":"closed","template":"","meta":{"_acf_changed":false,"footnotes":""},"class_list":["post-1215","page","type-page","status-publish","hentry"],"acf":[],"yoast_head":"<!-- This site is optimized with the Yoast SEO plugin v25.8 - https:\/\/yoast.com\/wordpress\/plugins\/seo\/ -->\n<title>Foire aux questions - Retours et r\u00e9clamations - Kolma Style<\/title>\n<meta name=\"robots\" content=\"index, follow, max-snippet:-1, max-image-preview:large, max-video-preview:-1\" \/>\n<meta property=\"og:locale\" content=\"fr_FR\" \/>\n<meta property=\"og:type\" content=\"article\" \/>\n<meta property=\"og:title\" content=\"Foire aux questions - Retours et r\u00e9clamations - Kolma Style\" \/>\n<meta property=\"og:url\" content=\"https:\/\/update.kolma.style\/fr\/faq-retours-et-reclamations\/\" \/>\n<meta property=\"og:site_name\" content=\"Kolma Style\" \/>\n<meta property=\"article:publisher\" content=\"https:\/\/www.facebook.com\/profile.php?id=61556920808920\" \/>\n<meta property=\"article:modified_time\" content=\"2024-05-16T14:48:43+00:00\" \/>\n<meta name=\"twitter:card\" content=\"summary_large_image\" \/>\n<meta name=\"twitter:label1\" content=\"Dur\u00e9e de lecture estim\u00e9e\" \/>\n\t<meta name=\"twitter:data1\" content=\"1 minute\" \/>\n<script type=\"application\/ld+json\" class=\"yoast-schema-graph\">{\"@context\":\"https:\/\/schema.org\",\"@graph\":[{\"@type\":\"WebPage\",\"@id\":\"https:\/\/update.kolma.style\/fr\/faq-retours-et-reclamations\/\",\"url\":\"https:\/\/update.kolma.style\/fr\/faq-retours-et-reclamations\/\",\"name\":\"Foire aux questions - Retours et r\u00e9clamations - Kolma Style\",\"isPartOf\":{\"@id\":\"https:\/\/update.kolma.style\/fr\/#website\"},\"datePublished\":\"2024-04-26T05:32:12+00:00\",\"dateModified\":\"2024-05-16T14:48:43+00:00\",\"breadcrumb\":{\"@id\":\"https:\/\/update.kolma.style\/fr\/faq-retours-et-reclamations\/#breadcrumb\"},\"inLanguage\":\"fr-FR\",\"potentialAction\":[{\"@type\":\"ReadAction\",\"target\":[\"https:\/\/update.kolma.style\/fr\/faq-retours-et-reclamations\/\"]}]},{\"@type\":\"BreadcrumbList\",\"@id\":\"https:\/\/update.kolma.style\/fr\/faq-retours-et-reclamations\/#breadcrumb\",\"itemListElement\":[{\"@type\":\"ListItem\",\"position\":1,\"name\":\"Startseite\",\"item\":\"https:\/\/update.kolma.style\/fr\/\"},{\"@type\":\"ListItem\",\"position\":2,\"name\":\"Foire aux questions &#8211; Retours et r\u00e9clamations\"}]},{\"@type\":\"WebSite\",\"@id\":\"https:\/\/update.kolma.style\/fr\/#website\",\"url\":\"https:\/\/update.kolma.style\/fr\/\",\"name\":\"Kolma Style\",\"description\":\"Entspannung und \u00adErholung mit Stil\",\"publisher\":{\"@id\":\"https:\/\/update.kolma.style\/fr\/#organization\"},\"potentialAction\":[{\"@type\":\"SearchAction\",\"target\":{\"@type\":\"EntryPoint\",\"urlTemplate\":\"https:\/\/update.kolma.style\/fr\/?s={search_term_string}\"},\"query-input\":{\"@type\":\"PropertyValueSpecification\",\"valueRequired\":true,\"valueName\":\"search_term_string\"}}],\"inLanguage\":\"fr-FR\"},{\"@type\":\"Organization\",\"@id\":\"https:\/\/update.kolma.style\/fr\/#organization\",\"name\":\"Kolma Style\",\"url\":\"https:\/\/update.kolma.style\/fr\/\",\"logo\":{\"@type\":\"ImageObject\",\"inLanguage\":\"fr-FR\",\"@id\":\"https:\/\/update.kolma.style\/fr\/#\/schema\/logo\/image\/\",\"url\":\"https:\/\/kolma.style\/wp-content\/uploads\/2024\/02\/kolma_Logo_CMYK_mit-R_negativ.png\",\"contentUrl\":\"https:\/\/kolma.style\/wp-content\/uploads\/2024\/02\/kolma_Logo_CMYK_mit-R_negativ.png\",\"width\":978,\"height\":385,\"caption\":\"Kolma Style\"},\"image\":{\"@id\":\"https:\/\/update.kolma.style\/fr\/#\/schema\/logo\/image\/\"},\"sameAs\":[\"https:\/\/www.facebook.com\/profile.php?id=61556920808920\",\"https:\/\/www.instagram.com\/kolma.style\/?fbclid=IwAR0eh-ysiGmHlhMTTXWvRwIwA3CvXlQh5dpJIE-jZ6fIvW2vXcgQSl0Y-ys\"]}]}<\/script>\n<!-- \/ Yoast SEO plugin. -->","yoast_head_json":{"title":"Foire aux questions - Retours et r\u00e9clamations - Kolma Style","robots":{"index":"index","follow":"follow","max-snippet":"max-snippet:-1","max-image-preview":"max-image-preview:large","max-video-preview":"max-video-preview:-1"},"og_locale":"fr_FR","og_type":"article","og_title":"Foire aux questions - Retours et r\u00e9clamations - Kolma Style","og_url":"https:\/\/update.kolma.style\/fr\/faq-retours-et-reclamations\/","og_site_name":"Kolma Style","article_publisher":"https:\/\/www.facebook.com\/profile.php?id=61556920808920","article_modified_time":"2024-05-16T14:48:43+00:00","twitter_card":"summary_large_image","twitter_misc":{"Dur\u00e9e de lecture estim\u00e9e":"1 minute"},"schema":{"@context":"https:\/\/schema.org","@graph":[{"@type":"WebPage","@id":"https:\/\/update.kolma.style\/fr\/faq-retours-et-reclamations\/","url":"https:\/\/update.kolma.style\/fr\/faq-retours-et-reclamations\/","name":"Foire aux questions - Retours et r\u00e9clamations - Kolma Style","isPartOf":{"@id":"https:\/\/update.kolma.style\/fr\/#website"},"datePublished":"2024-04-26T05:32:12+00:00","dateModified":"2024-05-16T14:48:43+00:00","breadcrumb":{"@id":"https:\/\/update.kolma.style\/fr\/faq-retours-et-reclamations\/#breadcrumb"},"inLanguage":"fr-FR","potentialAction":[{"@type":"ReadAction","target":["https:\/\/update.kolma.style\/fr\/faq-retours-et-reclamations\/"]}]},{"@type":"BreadcrumbList","@id":"https:\/\/update.kolma.style\/fr\/faq-retours-et-reclamations\/#breadcrumb","itemListElement":[{"@type":"ListItem","position":1,"name":"Startseite","item":"https:\/\/update.kolma.style\/fr\/"},{"@type":"ListItem","position":2,"name":"Foire aux questions &#8211; Retours et r\u00e9clamations"}]},{"@type":"WebSite","@id":"https:\/\/update.kolma.style\/fr\/#website","url":"https:\/\/update.kolma.style\/fr\/","name":"Kolma Style","description":"Entspannung und \u00adErholung mit Stil","publisher":{"@id":"https:\/\/update.kolma.style\/fr\/#organization"},"potentialAction":[{"@type":"SearchAction","target":{"@type":"EntryPoint","urlTemplate":"https:\/\/update.kolma.style\/fr\/?s={search_term_string}"},"query-input":{"@type":"PropertyValueSpecification","valueRequired":true,"valueName":"search_term_string"}}],"inLanguage":"fr-FR"},{"@type":"Organization","@id":"https:\/\/update.kolma.style\/fr\/#organization","name":"Kolma Style","url":"https:\/\/update.kolma.style\/fr\/","logo":{"@type":"ImageObject","inLanguage":"fr-FR","@id":"https:\/\/update.kolma.style\/fr\/#\/schema\/logo\/image\/","url":"https:\/\/kolma.style\/wp-content\/uploads\/2024\/02\/kolma_Logo_CMYK_mit-R_negativ.png","contentUrl":"https:\/\/kolma.style\/wp-content\/uploads\/2024\/02\/kolma_Logo_CMYK_mit-R_negativ.png","width":978,"height":385,"caption":"Kolma Style"},"image":{"@id":"https:\/\/update.kolma.style\/fr\/#\/schema\/logo\/image\/"},"sameAs":["https:\/\/www.facebook.com\/profile.php?id=61556920808920","https:\/\/www.instagram.com\/kolma.style\/?fbclid=IwAR0eh-ysiGmHlhMTTXWvRwIwA3CvXlQh5dpJIE-jZ6fIvW2vXcgQSl0Y-ys"]}]}},"_links":{"self":[{"href":"https:\/\/update.kolma.style\/fr\/wp-json\/wp\/v2\/pages\/1215","targetHints":{"allow":["GET"]}}],"collection":[{"href":"https:\/\/update.kolma.style\/fr\/wp-json\/wp\/v2\/pages"}],"about":[{"href":"https:\/\/update.kolma.style\/fr\/wp-json\/wp\/v2\/types\/page"}],"author":[{"embeddable":true,"href":"https:\/\/update.kolma.style\/fr\/wp-json\/wp\/v2\/users\/5"}],"replies":[{"embeddable":true,"href":"https:\/\/update.kolma.style\/fr\/wp-json\/wp\/v2\/comments?post=1215"}],"version-history":[{"count":0,"href":"https:\/\/update.kolma.style\/fr\/wp-json\/wp\/v2\/pages\/1215\/revisions"}],"wp:attachment":[{"href":"https:\/\/update.kolma.style\/fr\/wp-json\/wp\/v2\/media?parent=1215"}],"curies":[{"name":"wp","href":"https:\/\/api.w.org\/{rel}","templated":true}]}}